{"id":13,"date":"2021-01-23T21:50:11","date_gmt":"2021-01-23T21:50:11","guid":{"rendered":"http:\/\/fotografusnok.hu\/?page_id=13"},"modified":"2021-02-07T10:27:01","modified_gmt":"2021-02-07T10:27:01","slug":"conference","status":"publish","type":"page","link":"http:\/\/fotografusnok.hu\/en_US\/conference\/","title":{"rendered":"Conference"},"content":{"rendered":"\n<p class=\"has-text-align-left\">2017 m\u00e1jus\u00e1ban a Magyar Fot\u00f3t\u00f6rt\u00e9neti T\u00e1rsas\u00e1g\u00a0\u00a0k\u00f6z\u00f6s gondolkod\u00e1sra h\u00edvta a fot\u00f3t\u00f6rt\u00e9nettel foglalkoz\u00f3 kutat\u00f3kat. <strong>\u00a0<em>Fotogr\u00e1fusn\u0151k<\/em><\/strong> c\u00edm\u0171 konferenci\u00e1j\u00e1nak el\u0151ad\u00f3i alkot\u00f3n\u0151ket, egy\u00e9ni p\u00e1ly\u00e1kat, az \u00e9rv\u00e9nyes\u00fcl\u00e9s v\u00e1ltoz\u00f3 lehet\u0151s\u00e9geit, m\u0171kedvel\u0151 \u00e9s hivat\u00e1sos f\u00e9nyk\u00e9p\u00e9szn\u0151ket, irodalom \u00e9s fot\u00f3, valamint nemek \u00e9s fotogr\u00e1fiai diskurzusok viszony\u00e1t vizsg\u00e1lt\u00e1k a kezdetekt\u0151l napjainkig.<\/p>\n\n\n\n<p class=\"has-text-align-left\"><\/p>\n\n\n\n<figure class=\"wp-block-image size-large\"><img loading=\"lazy\" decoding=\"async\" width=\"1024\" height=\"696\" src=\"http:\/\/fotografusnok.hu\/wp-content\/uploads\/2021\/02\/nkasfekvo-1024x696.jpg\" alt=\"\" class=\"wp-image-102\" srcset=\"http:\/\/fotografusnok.hu\/wp-content\/uploads\/2021\/02\/nkasfekvo-1024x696.jpg 1024w, http:\/\/fotografusnok.hu\/wp-content\/uploads\/2021\/02\/nkasfekvo-300x204.jpg 300w, http:\/\/fotografusnok.hu\/wp-content\/uploads\/2021\/02\/nkasfekvo-768x522.jpg 768w, http:\/\/fotografusnok.hu\/wp-content\/uploads\/2021\/02\/nkasfekvo-1536x1044.jpg 1536w, http:\/\/fotografusnok.hu\/wp-content\/uploads\/2021\/02\/nkasfekvo-2048x1392.jpg 2048w, http:\/\/fotografusnok.hu\/wp-content\/uploads\/2021\/02\/nkasfekvo-1200x816.jpg 1200w\" sizes=\"auto, (max-width: 709px) 85vw, (max-width: 909px) 67vw, (max-width: 1362px) 62vw, 840px\" \/><\/figure>\n\n\n\n<ul class=\"wp-block-list\"><li>a lapozhat\u00f3 <a rel=\"noreferrer noopener\" href=\"https:\/\/issuu.com\/mafot\/docs\/fotografusnok\" data-type=\"URL\" data-id=\"https:\/\/issuu.com\/mafot\/docs\/fotografusnok\" target=\"_blank\">program<\/a><\/li><\/ul>\n\n\n\n<ul class=\"wp-block-list\"><li>a konferencia <a href=\"https:\/\/fotografusnok.blog.hu\" data-type=\"URL\" data-id=\"https:\/\/fotografusnok.blog.hu\" target=\"_blank\" rel=\"noreferrer noopener\">oldala<\/a><\/li><\/ul>\n\n\n\n<ul class=\"wp-block-list\"><li>az eredeti <a rel=\"noreferrer noopener\" href=\"https:\/\/mafot.blog.hu\/2016\/06\/30\/konferenciafelhivas_128\" data-type=\"URL\" data-id=\"https:\/\/mafot.blog.hu\/2016\/06\/30\/konferenciafelhivas_128\" target=\"_blank\">konferenciafelh\u00edv\u00e1s<\/a>. <\/li><\/ul>\n","protected":false},"excerpt":{"rendered":"<p>&#8230;<\/p>\n","protected":false},"author":1,"featured_media":0,"parent":0,"menu_order":0,"comment_status":"closed","ping_status":"closed","template":"","meta":{"footnotes":""},"class_list":["post-13","page","type-page","status-publish","hentry"],"_links":{"self":[{"href":"http:\/\/fotografusnok.hu\/en_US\/wp-json\/wp\/v2\/pages\/13","targetHints":{"allow":["GET"]}}],"collection":[{"href":"http:\/\/fotografusnok.hu\/en_US\/wp-json\/wp\/v2\/pages"}],"about":[{"href":"http:\/\/fotografusnok.hu\/en_US\/wp-json\/wp\/v2\/types\/page"}],"author":[{"embeddable":true,"href":"http:\/\/fotografusnok.hu\/en_US\/wp-json\/wp\/v2\/users\/1"}],"replies":[{"embeddable":true,"href":"http:\/\/fotografusnok.hu\/en_US\/wp-json\/wp\/v2\/comments?post=13"}],"version-history":[{"count":9,"href":"http:\/\/fotografusnok.hu\/en_US\/wp-json\/wp\/v2\/pages\/13\/revisions"}],"predecessor-version":[{"id":107,"href":"http:\/\/fotografusnok.hu\/en_US\/wp-json\/wp\/v2\/pages\/13\/revisions\/107"}],"wp:attachment":[{"href":"http:\/\/fotografusnok.hu\/en_US\/wp-json\/wp\/v2\/media?parent=13"}],"curies":[{"name":"wp","href":"https:\/\/api.w.org\/{rel}","templated":true}]}}