{"id":15,"date":"2021-01-23T21:50:34","date_gmt":"2021-01-23T21:50:34","guid":{"rendered":"http:\/\/fotografusnok.hu\/?page_id=15"},"modified":"2021-02-06T11:00:16","modified_gmt":"2021-02-06T11:00:16","slug":"videos","status":"publish","type":"page","link":"http:\/\/fotografusnok.hu\/en_US\/videos\/","title":{"rendered":"Videos"},"content":{"rendered":"\n<p class=\"has-text-align-left\"><\/p>\n\n\n\n<figure class=\"wp-block-embed is-type-video is-provider-youtube wp-block-embed-youtube wp-embed-aspect-16-9 wp-has-aspect-ratio\"><div class=\"wp-block-embed__wrapper\">\n<iframe loading=\"lazy\" title=\"Fotogr\u00e1fusn\u0151k 1.\" width=\"840\" height=\"473\" src=\"https:\/\/www.youtube.com\/embed\/xqH4NixXHSs?list=PL9eUGTAiEg83A3eJ4wze2L6IGc9lTCNLZ\" frameborder=\"0\" allow=\"accelerometer; autoplay; clipboard-write; encrypted-media; gyroscope; picture-in-picture\" allowfullscreen><\/iframe>\n<\/div><figcaption>A konferencia szerkesztett vide\u00f3i (2017)<\/figcaption><\/figure>\n\n\n\n<p><\/p>\n\n\n\n<figure class=\"wp-block-embed is-type-video is-provider-youtube wp-block-embed-youtube wp-embed-aspect-16-9 wp-has-aspect-ratio\"><div class=\"wp-block-embed__wrapper\">\n<iframe loading=\"lazy\" title=\"Fotogr\u00e1fusn\u0151k. Kutat\u00e1si tervt\u0151l a ki\u00e1ll\u00edt\u00e1si gyakorlatig | Kutat\u00f3k \u00e9jszak\u00e1ja 2020\" width=\"840\" height=\"473\" src=\"https:\/\/www.youtube.com\/embed\/ru6CsuG5U2E?feature=oembed\" frameborder=\"0\" allow=\"accelerometer; autoplay; clipboard-write; encrypted-media; gyroscope; picture-in-picture\" allowfullscreen><\/iframe>\n<\/div><figcaption>Fisli \u00c9va Fotogr\u00e1fusn\u0151k. Kutat\u00e1si tervt\u0151l a ki\u00e1ll\u00edt\u00e1si gyakorlatig c\u00edm\u0171 el\u0151ad\u00e1sa (2020)<\/figcaption><\/figure>\n\n\n\n<p><\/p>\n\n\n\n<figure class=\"wp-block-embed is-type-video is-provider-youtube wp-block-embed-youtube wp-embed-aspect-16-9 wp-has-aspect-ratio\"><div class=\"wp-block-embed__wrapper\">\n<iframe loading=\"lazy\" title=\"Kass\u00e1k M\u00fazeum \/\/ A fotograf\u00e1l\u00e1s mint n\u0151i hivat\u00e1s - E. Csorba Csilla el\u0151ad\u00e1sa\" width=\"840\" height=\"473\" src=\"https:\/\/www.youtube.com\/embed\/Ii4Uo2SUzkE?feature=oembed\" frameborder=\"0\" allow=\"accelerometer; autoplay; clipboard-write; encrypted-media; gyroscope; picture-in-picture\" allowfullscreen><\/iframe>\n<\/div><figcaption>E. Csorba Csilla A fotograf\u00e1l\u00e1s mint n\u0151i hivat\u00e1s c\u00edm\u0171 el\u0151ad\u00e1sa (2020)<\/figcaption><\/figure>\n\n\n\n<p><\/p>\n","protected":false},"excerpt":{"rendered":"<p>&#8230;<\/p>\n","protected":false},"author":1,"featured_media":0,"parent":0,"menu_order":0,"comment_status":"closed","ping_status":"closed","template":"","meta":{"footnotes":""},"class_list":["post-15","page","type-page","status-publish","hentry"],"_links":{"self":[{"href":"http:\/\/fotografusnok.hu\/en_US\/wp-json\/wp\/v2\/pages\/15","targetHints":{"allow":["GET"]}}],"collection":[{"href":"http:\/\/fotografusnok.hu\/en_US\/wp-json\/wp\/v2\/pages"}],"about":[{"href":"http:\/\/fotografusnok.hu\/en_US\/wp-json\/wp\/v2\/types\/page"}],"author":[{"embeddable":true,"href":"http:\/\/fotografusnok.hu\/en_US\/wp-json\/wp\/v2\/users\/1"}],"replies":[{"embeddable":true,"href":"http:\/\/fotografusnok.hu\/en_US\/wp-json\/wp\/v2\/comments?post=15"}],"version-history":[{"count":9,"href":"http:\/\/fotografusnok.hu\/en_US\/wp-json\/wp\/v2\/pages\/15\/revisions"}],"predecessor-version":[{"id":125,"href":"http:\/\/fotografusnok.hu\/en_US\/wp-json\/wp\/v2\/pages\/15\/revisions\/125"}],"wp:attachment":[{"href":"http:\/\/fotografusnok.hu\/en_US\/wp-json\/wp\/v2\/media?parent=15"}],"curies":[{"name":"wp","href":"https:\/\/api.w.org\/{rel}","templated":true}]}}