{"id":17,"date":"2021-01-23T21:50:52","date_gmt":"2021-01-23T21:50:52","guid":{"rendered":"http:\/\/fotografusnok.hu\/?page_id=17"},"modified":"2021-02-11T09:14:00","modified_gmt":"2021-02-11T09:14:00","slug":"links","status":"publish","type":"page","link":"http:\/\/fotografusnok.hu\/en_US\/links\/","title":{"rendered":"Links"},"content":{"rendered":"\n<p>Fotogr\u00e1fusn\u0151k. <a href=\"http:\/\/www.mafot.hu\/docs\/konferencia\/fotografusnok.pdf\" data-type=\"URL\" data-id=\"http:\/\/www.mafot.hu\/docs\/konferencia\/fotografusnok.pdf\" target=\"_blank\" rel=\"noreferrer noopener\">Konferenciak\u00f6tet.<\/a><\/p>\n\n\n\n<p>Besny\u0151 \u00c9va <em>Szem\u00e9lyes t\u00e1vols\u00e1g <\/em>c\u00edm\u0171 <a rel=\"noreferrer noopener\" href=\"https:\/\/www.thinglink.com\/card\/1397902992518152194\" data-type=\"URL\" data-id=\"https:\/\/www.thinglink.com\/card\/1397902992518152194\" target=\"_blank\">virtu\u00e1lis ki\u00e1ll\u00edt\u00e1sa<\/a><\/p>\n\n\n\n<p>A fotogr\u00e1fusn\u0151k <a rel=\"noreferrer noopener\" href=\"https:\/\/www.editionstextuel.com\/livre\/une-histoire-mondiale-des-femmes-photographes\" data-type=\"URL\" data-id=\"https:\/\/www.editionstextuel.com\/livre\/une-histoire-mondiale-des-femmes-photographes\" target=\"_blank\">vil\u00e1gt\u00f6rt\u00e9nete<\/a> (2020)<\/p>\n\n\n\n<p>Fast Forward. Women in Photography (<a href=\"https:\/\/fastforward.photography\" data-type=\"URL\" data-id=\"https:\/\/fastforward.photography\" target=\"_blank\" rel=\"noreferrer noopener\">honlap<\/a>)<\/p>\n\n\n\n<p><\/p>\n","protected":false},"excerpt":{"rendered":"<p>&#8230;<\/p>\n","protected":false},"author":1,"featured_media":0,"parent":0,"menu_order":0,"comment_status":"closed","ping_status":"closed","template":"","meta":{"footnotes":""},"class_list":["post-17","page","type-page","status-publish","hentry"],"_links":{"self":[{"href":"http:\/\/fotografusnok.hu\/en_US\/wp-json\/wp\/v2\/pages\/17","targetHints":{"allow":["GET"]}}],"collection":[{"href":"http:\/\/fotografusnok.hu\/en_US\/wp-json\/wp\/v2\/pages"}],"about":[{"href":"http:\/\/fotografusnok.hu\/en_US\/wp-json\/wp\/v2\/types\/page"}],"author":[{"embeddable":true,"href":"http:\/\/fotografusnok.hu\/en_US\/wp-json\/wp\/v2\/users\/1"}],"replies":[{"embeddable":true,"href":"http:\/\/fotografusnok.hu\/en_US\/wp-json\/wp\/v2\/comments?post=17"}],"version-history":[{"count":8,"href":"http:\/\/fotografusnok.hu\/en_US\/wp-json\/wp\/v2\/pages\/17\/revisions"}],"predecessor-version":[{"id":167,"href":"http:\/\/fotografusnok.hu\/en_US\/wp-json\/wp\/v2\/pages\/17\/revisions\/167"}],"wp:attachment":[{"href":"http:\/\/fotografusnok.hu\/en_US\/wp-json\/wp\/v2\/media?parent=17"}],"curies":[{"name":"wp","href":"https:\/\/api.w.org\/{rel}","templated":true}]}}