{"id":7,"date":"2021-01-23T21:49:23","date_gmt":"2021-01-23T21:49:23","guid":{"rendered":"http:\/\/fotografusnok.hu\/?page_id=7"},"modified":"2021-02-11T09:12:10","modified_gmt":"2021-02-11T09:12:10","slug":"news","status":"publish","type":"page","link":"http:\/\/fotografusnok.hu\/en_US\/","title":{"rendered":"News"},"content":{"rendered":"\n<p>Megjelent a <strong><em>Fotogr\u00e1fusn\u0151k<\/em><\/strong> !<\/p>\n\n\n\n<figure class=\"wp-block-image size-large\"><img loading=\"lazy\" decoding=\"async\" width=\"734\" height=\"692\" src=\"http:\/\/fotografusnok.hu\/wp-content\/uploads\/2021\/02\/ffnokcimoldal.jpg\" alt=\"\" class=\"wp-image-108\" srcset=\"http:\/\/fotografusnok.hu\/wp-content\/uploads\/2021\/02\/ffnokcimoldal.jpg 734w, http:\/\/fotografusnok.hu\/wp-content\/uploads\/2021\/02\/ffnokcimoldal-300x283.jpg 300w\" sizes=\"auto, (max-width: 734px) 85vw, 734px\" \/><figcaption>A k\u00f6tet bor\u00edt\u00f3ja<\/figcaption><\/figure>\n\n\n\n<p><\/p>\n\n\n\n<p><strong>Szerz\u0151k<\/strong>: Barakonyi Szabolcs, Bata Timea, Bir\u00f3 Eszter, Demeter Zsuzsanna, E. Csorba Csilla, Fisli \u00c9va, G\u00e1sp\u00e1r Bal\u00e1zs, Gebauer Hanga, Eperjesi \u00c1gnes, Kelbert Krisztina, Moln\u00e1r \u00c1gnes \u00c9va, P\u00e1l Gy\u00f6ngyi, Szab\u00f3 Magdolna, Szarka Kl\u00e1ra, Szentesi Edina, V\u00f6r\u00f6s \u00c9va \u00e9s Zsoldos Emese.<\/p>\n\n\n\n<p><strong>Szerkeszt\u0151<\/strong>: Fisli \u00c9va<\/p>\n\n\n\n<p><strong>Kiad\u00f3: <\/strong>Magyar Fot\u00f3t\u00f6rt\u00e9neti T\u00e1rsas\u00e1g<\/p>\n\n\n\n<p><strong>\u00c9v: <\/strong>2020<\/p>\n\n\n\n<p><strong>ISBN<\/strong>: 978-615-00-4866-6 (print) 978-615-00-4867-3 (epub)<\/p>\n\n\n\n<p><strong>Terjedelem<\/strong>: 228 oldal<\/p>\n\n\n\n<p><a href=\"http:\/\/www.mafot.hu\/docs\/konferencia\/fotografusnok.pdf\" data-type=\"URL\" data-id=\"http:\/\/www.mafot.hu\/docs\/konferencia\/fotografusnok.pdf\" target=\"_blank\" rel=\"noreferrer noopener\">Let\u00f6lthet\u0151<\/a>.<\/p>\n\n\n\n<p><\/p>\n","protected":false},"excerpt":{"rendered":"<p>&#8230;<\/p>\n","protected":false},"author":1,"featured_media":0,"parent":0,"menu_order":0,"comment_status":"closed","ping_status":"closed","template":"","meta":{"footnotes":""},"class_list":["post-7","page","type-page","status-publish","hentry"],"_links":{"self":[{"href":"http:\/\/fotografusnok.hu\/en_US\/wp-json\/wp\/v2\/pages\/7","targetHints":{"allow":["GET"]}}],"collection":[{"href":"http:\/\/fotografusnok.hu\/en_US\/wp-json\/wp\/v2\/pages"}],"about":[{"href":"http:\/\/fotografusnok.hu\/en_US\/wp-json\/wp\/v2\/types\/page"}],"author":[{"embeddable":true,"href":"http:\/\/fotografusnok.hu\/en_US\/wp-json\/wp\/v2\/users\/1"}],"replies":[{"embeddable":true,"href":"http:\/\/fotografusnok.hu\/en_US\/wp-json\/wp\/v2\/comments?post=7"}],"version-history":[{"count":16,"href":"http:\/\/fotografusnok.hu\/en_US\/wp-json\/wp\/v2\/pages\/7\/revisions"}],"predecessor-version":[{"id":166,"href":"http:\/\/fotografusnok.hu\/en_US\/wp-json\/wp\/v2\/pages\/7\/revisions\/166"}],"wp:attachment":[{"href":"http:\/\/fotografusnok.hu\/en_US\/wp-json\/wp\/v2\/media?parent=7"}],"curies":[{"name":"wp","href":"https:\/\/api.w.org\/{rel}","templated":true}]}}