{"id":9,"date":"2021-01-23T21:49:43","date_gmt":"2021-01-23T21:49:43","guid":{"rendered":"http:\/\/fotografusnok.hu\/?page_id=9"},"modified":"2021-02-07T10:19:51","modified_gmt":"2021-02-07T10:19:51","slug":"book","status":"publish","type":"page","link":"http:\/\/fotografusnok.hu\/en_US\/book\/","title":{"rendered":"Book"},"content":{"rendered":"\n<p>2016. j\u00fanius 30-i &nbsp;felh\u00edv\u00e1s\u00e1ban a Magyar Fot\u00f3t\u00f6rt\u00e9neti T\u00e1rsas\u00e1g k\u00f6z\u00f6s gondolkod\u00e1sra h\u00edvta a fot\u00f3t\u00f6rt\u00e9nettel foglalkoz\u00f3 kutat\u00f3kat.  Az el\u0151zetesen megfontol\u00e1sra javasolt t\u00e9mak\u00f6r\u00f6k ezek voltak:<\/p>\n\n\n\n<figure class=\"wp-block-image size-large\"><img loading=\"lazy\" decoding=\"async\" width=\"991\" height=\"803\" src=\"http:\/\/fotografusnok.hu\/wp-content\/uploads\/2021\/02\/tema.jpg\" alt=\"\" class=\"wp-image-119\" srcset=\"http:\/\/fotografusnok.hu\/wp-content\/uploads\/2021\/02\/tema.jpg 991w, http:\/\/fotografusnok.hu\/wp-content\/uploads\/2021\/02\/tema-300x243.jpg 300w, http:\/\/fotografusnok.hu\/wp-content\/uploads\/2021\/02\/tema-768x622.jpg 768w\" sizes=\"auto, (max-width: 709px) 85vw, (max-width: 909px) 67vw, (max-width: 1362px) 62vw, 840px\" \/><figcaption>R\u00e9szlet az eredeti <a href=\"https:\/\/mafot.blog.hu\/2016\/06\/30\/konferenciafelhivas_128\" data-type=\"URL\" data-id=\"https:\/\/mafot.blog.hu\/2016\/06\/30\/konferenciafelhivas_128\" target=\"_blank\" rel=\"noreferrer noopener\">felh\u00edv\u00e1sb\u00f3l<\/a><\/figcaption><\/figure>\n\n\n\n<p><\/p>\n\n\n\n<p>A szervez\u0151k \u2013 Szarka Kl\u00e1ra, E. Csorba Csilla \u00e9s Fisli \u00c9va \u2013 a felh\u00edv\u00e1sra \u00e9rkezett el\u0151ad\u00e1sjavaslatok k\u00f6z\u00fcl v\u00e9g\u00fcl huszonk\u00e9t jelentkez\u00e9st fogadtak el, a konferenci\u00e1t z\u00e1r\u00f3 besz\u00e9lget\u00e9sekhez pedig felk\u00e9rt\u00e9k a r\u00e9sztvev\u0151ket.<\/p>\n\n\n\n<p>A 2017. m\u00e1jusi konferencia k\u00e9t napja <a href=\"https:\/\/fotografusnok.blog.hu\/2017\/05\/21\/program_476\" data-type=\"URL\" data-id=\"https:\/\/fotografusnok.blog.hu\/2017\/05\/21\/program_476\" target=\"_blank\" rel=\"noreferrer noopener\">tartalmilag is elv\u00e1lt<\/a> egym\u00e1st\u00f3l. Az els\u0151n, a Pet\u0151fi Irodalmi M\u00fazeumban a f\u00e9nyk\u00e9phaszn\u00e1l\u00f3, fot\u00f3albumot k\u00e9sz\u00edt\u0151 asszonyokr\u00f3l hallhattunk el\u0151sz\u00f6r, majd a m\u0171termet m\u0171k\u00f6dtet\u0151 f\u00e9nyk\u00e9p\u00e9szn\u0151k tev\u00e9kenys\u00e9g\u00e9vel ismerkedhett\u00fcnk meg, m\u00edg eljutottunk a fotogr\u00e1fi\u00e1t tudatos alkot\u00f3k\u00e9nt haszn\u00e1l\u00f3, \u00e1m nagyon k\u00fcl\u00f6nb\u00f6z\u0151 p\u00e1ly\u00e1kat befut\u00f3 fotogr\u00e1fusn\u0151kig, s v\u00e9g\u00fcl az irodalom \u00e9s f\u00e9nyk\u00e9pez\u00e9s, sz\u00f6veg \u00e9s k\u00e9p kapcsolat\u00e1nak vizsg\u00e1lat\u00e1ig.<\/p>\n\n\n\n<p>A konferencia m\u00e1snap a Magyar Nemzeti M\u00fazeumban folytat\u00f3dott, ahol a <em>Nemek \u00e9s (fotogr\u00e1fiai) diskurzusok<\/em> c\u00edm\u0171 szekci\u00f3ban kutat\u00f3k \u00e9s alkot\u00f3k is megsz\u00f3laltak; sz\u00f3 esett a n\u0151k \u00e9s f\u00e9rfiak reprezent\u00e1ci\u00f3j\u00e1nak k\u00e9rd\u00e9s\u00e9r\u0151l \u00e9pp\u00fagy, mint a testk\u00e9pek \u00e9s \u00f6narck\u00e9pek szerep\u00e9r\u0151l a kort\u00e1rs alkot\u00f3k munk\u00e1iban, a csal\u00e1di k\u00e9pek elemz\u00e9si lehet\u0151s\u00e9geir\u0151l, rejtett, de olvashat\u00f3 vizu\u00e1lis tartalmakr\u00f3l, a fotogr\u00e1fia feminin metafor\u00e1ir\u00f3l vagy a f\u00e9rfiass\u00e1ghoz t\u00e1rs\u00edtott tev\u00e9kenys\u00e9gek vizualit\u00e1s\u00e1r\u00f3l. Az el\u0151ad\u00e1sok egy r\u00e9sz\u00e9nek szerkesztett vide\u00f3ja \u2013 \u00edgy Hermann Veronika \u00e9s Oltai Kata prezent\u00e1ci\u00f3i, valamint a konferenciaz\u00e1r\u00f3 moder\u00e1lt besz\u00e9lget\u00e9sek felv\u00e9tele is \u2013 el\u00e9rhet\u0151 a Mafot Youtube<a rel=\"noreferrer noopener\" href=\"https:\/\/www.youtube.com\/watch?v=xqH4NixXHSs&amp;list=PL9eUGTAiEg83A3eJ4wze2L6IGc9lTCNLZ\" data-type=\"URL\" data-id=\"https:\/\/www.youtube.com\/watch?v=xqH4NixXHSs&amp;list=PL9eUGTAiEg83A3eJ4wze2L6IGc9lTCNLZ\" target=\"_blank\"> csatorn\u00e1j\u00e1n<\/a>.<\/p>\n\n\n\n<p>A <em><strong>N\u0151nap vs. mindennapok. Kutat\u00e1si tervt\u0151l a ki\u00e1ll\u00edt\u00e1si gyakorlatig<\/strong> <\/em>c\u00edm\u0171 z\u00e1r\u00f3 szekci\u00f3 a p\u00e1rizsi <em>Qui a peur des femmes photographes? <\/em>c\u00edm\u0171 ki\u00e1ll\u00edt\u00e1s egyik kur\u00e1tora, Marie Robert el\u0151ad\u00e1s\u00e1val kezd\u0151d\u00f6tt, majd Kelbert Krisztina, a Savaria M\u00fazeum <em>Szemt\u0151l szemben <\/em>c\u00edm\u0171 ki\u00e1ll\u00edt\u00e1s\u00e1nak rendez\u0151je mutatta be, milyen eszk\u00f6z\u00f6kkel lehet egy t\u00f6rt\u00e9neti ki\u00e1ll\u00edt\u00e1son a n\u0151i tapasztalatokat is l\u00e1that\u00f3v\u00e1 tenni. A konferenci\u00e1t z\u00e1r\u00f3 k\u00e9t el\u0151ad\u00e1s \u00e9s moder\u00e1lt besz\u00e9lget\u00e9s teh\u00e1t \u00f6sszek\u00f6t\u00f6tte a fotogr\u00e1fusn\u0151ket bemutat\u00f3 m\u0171v\u00e9szett\u00f6rt\u00e9neti ki\u00e1ll\u00edt\u00e1st \u00e9s a n\u0151k reprezent\u00e1ci\u00f3j\u00e1nak lehets\u00e9ges m\u00f3djait \u2013 valamint a kapcsol\u00f3d\u00f3, tudatosan v\u00e1lasztott kur\u00e1tori m\u00f3dszereket \u2013 a t\u00f6rt\u00e9neti m\u00fazeumokban. A k\u00e9t probl\u00e9mak\u00f6r ugyanis \u00f6sszef\u00fcgg. Az egyedi kutat\u00e1sok \u00e9s esettanulm\u00e1nyok mindig \u00fajabb r\u00e9szletekkel gazdag\u00edthatj\u00e1k a m\u00faltat, azonban \u00e9rdemi v\u00e1ltoz\u00e1st a n\u0151k l\u00e1that\u00f3s\u00e1g\u00e1ban \u00e9s m\u0171v\u00e9szi teljes\u00edtm\u00e9ny\u00fck \u00e9rt\u00e9kel\u00e9s\u00e9ben a ki\u00e1ll\u00edt\u00e1si gyakorlat v\u00e1ltoz\u00e1sa hozhat.<\/p>\n\n\n\n<figure class=\"wp-block-image size-large\"><img loading=\"lazy\" decoding=\"async\" width=\"1024\" height=\"576\" src=\"http:\/\/fotografusnok.hu\/wp-content\/uploads\/2021\/02\/fotnoksav-1-1024x576.jpg\" alt=\"\" class=\"wp-image-109\" srcset=\"http:\/\/fotografusnok.hu\/wp-content\/uploads\/2021\/02\/fotnoksav-1-1024x576.jpg 1024w, http:\/\/fotografusnok.hu\/wp-content\/uploads\/2021\/02\/fotnoksav-1-300x169.jpg 300w, http:\/\/fotografusnok.hu\/wp-content\/uploads\/2021\/02\/fotnoksav-1-768x432.jpg 768w, http:\/\/fotografusnok.hu\/wp-content\/uploads\/2021\/02\/fotnoksav-1-1200x675.jpg 1200w, http:\/\/fotografusnok.hu\/wp-content\/uploads\/2021\/02\/fotnoksav-1.jpg 1436w\" sizes=\"auto, (max-width: 709px) 85vw, (max-width: 909px) 67vw, (max-width: 1362px) 62vw, 840px\" \/><figcaption>Oldalak a Fotogr\u00e1fusn\u0151k c\u00edm\u0171 tanulm\u00e1nyk\u00f6tetb\u0151l<\/figcaption><\/figure>\n\n\n\n<p>A most megjelent tanulm\u00e1nyk\u00f6tet feloszt\u00e1sa a konferencia eredeti szekci\u00f3beoszt\u00e1s\u00e1t k\u00f6veti. A szerkesztett el\u0151ad\u00e1sok nyelve vagy m\u00f3dszertana nem egys\u00e9ges; a tapasztalati, kutat\u00f3i h\u00e1tt\u00e9r az egyes szerz\u0151kn\u00e9l k\u00fcl\u00f6nb\u00f6z\u0151. M\u00e1s alapokr\u00f3l ind\u00edtja elemz\u00e9s\u00e9t egy fot\u00f3gy\u0171jtem\u00e9nyben dolgoz\u00f3 etnogr\u00e1fus \u00e9s m\u00e1shonnan egy m\u0171v\u00e9szett\u00f6rt\u00e9n\u00e9sz, vagy egy saj\u00e1t gyakorlat\u00e1ra reflekt\u00e1l\u00f3 k\u00e9pz\u0151m\u0171v\u00e9sz.<\/p>\n\n\n\n<p>T\u00f6bbf\u00e9le \u00e9rtelmez\u0151i szerep, t\u00f6bbf\u00e9le megk\u00f6zel\u00edt\u00e9s rajzol\u00f3dik ki teh\u00e1t a sz\u00f6vegek r\u00e9v\u00e9n, \u00e9s l\u00e9nyegesen t\u00f6bb figyelem jut a fot\u00f3- \u00e9s kult\u00fart\u00f6rt\u00e9net hi\u00e1tusaira. K\u00f6tet\u00fcnk \u00e9s az azt megel\u0151z\u0151 konferencia egyik c\u00e9lja \u00e9pp a f\u0151 sodorb\u00f3l kirekesztett \u00e9letm\u0171vek \u00e9s szempontok felt\u00e1r\u00e1sa, felmutat\u00e1sa volt.<\/p>\n\n\n\n<p>R\u00e9g\u00f3ta tudjuk, hogy \u201ea mell\u0151z\u00f6tt vagy elfeledett ter\u00fcletekre ir\u00e1nyul\u00f3 tudom\u00e1nyos munka kreat\u00edv lehet\u0151s\u00e9geket rejt mag\u00e1ban\u201d. A m\u00e9goly j\u00f3hiszem\u0171 k\u00e1nonrev\u00edzi\u00f3 k\u00f6zben is fenn\u00e1ll azonban az \u00f6ngett\u00f3s\u00edt\u00e1s, a kirekesztetts\u00e9g \u00fajratermel\u00e9s\u00e9nek vesz\u00e9lye. Hogy ezt mennyire siker\u00fcl elker\u00fclni, m\u00e1r nem csup\u00e1n t\u0151l\u00fcnk f\u00fcgg. E pillanatban azt rem\u00e9lem, hogy a<strong> <em>Fotogr\u00e1fusn\u0151k <\/em><\/strong>tanulm\u00e1nyai \u00e9s a k\u00e1nonrev\u00edzi\u00f3t s\u00fcrget\u0151 k\u00e9rd\u00e9sf\u00f6lvet\u00e9se a magyar fot\u00f3t\u00f6rt\u00e9net-\u00edr\u00f3kra \u00e9pp\u00fagy hat\u00e1ssal lehet, mint a gy\u0171jtem\u00e9nyez\u00e9s, ki\u00e1ll\u00edt\u00e1srendez\u00e9s tudatos gyakorlataira.<\/p>\n\n\n\n<p>J\u00f3 olvas\u00e1st! A k\u00f6tet eg\u00e9sze <strong><a href=\"http:\/\/fotografusnok.hu\/wp-content\/uploads\/2021\/EPUB-kicsi.pdf\" data-type=\"URL\" data-id=\"http:\/\/fotografusnok.hu\/wp-content\/uploads\/2021\/EPUB-kicsi.pdf\">itt <\/a><a href=\"http:\/\/fotografusnok.hu\/wp-content\/uploads\/2021\/EPUB-kicsi.pdf\" data-type=\"URL\" data-id=\"http:\/\/fotografusnok.hu\/wp-content\/uploads\/2021\/EPUB-kicsi.pdf\" target=\"_blank\" rel=\"noreferrer noopener\">let\u00f6lthet\u0151<\/a><\/strong>.<\/p>\n\n\n\n<p class=\"has-text-align-right\"><em>Fisli \u00c9va<\/em><\/p>\n\n\n\n<p><\/p>\n","protected":false},"excerpt":{"rendered":"<p>&#8230;<\/p>\n","protected":false},"author":1,"featured_media":0,"parent":0,"menu_order":0,"comment_status":"closed","ping_status":"closed","template":"","meta":{"footnotes":""},"class_list":["post-9","page","type-page","status-publish","hentry"],"_links":{"self":[{"href":"http:\/\/fotografusnok.hu\/en_US\/wp-json\/wp\/v2\/pages\/9","targetHints":{"allow":["GET"]}}],"collection":[{"href":"http:\/\/fotografusnok.hu\/en_US\/wp-json\/wp\/v2\/pages"}],"about":[{"href":"http:\/\/fotografusnok.hu\/en_US\/wp-json\/wp\/v2\/types\/page"}],"author":[{"embeddable":true,"href":"http:\/\/fotografusnok.hu\/en_US\/wp-json\/wp\/v2\/users\/1"}],"replies":[{"embeddable":true,"href":"http:\/\/fotografusnok.hu\/en_US\/wp-json\/wp\/v2\/comments?post=9"}],"version-history":[{"count":18,"href":"http:\/\/fotografusnok.hu\/en_US\/wp-json\/wp\/v2\/pages\/9\/revisions"}],"predecessor-version":[{"id":159,"href":"http:\/\/fotografusnok.hu\/en_US\/wp-json\/wp\/v2\/pages\/9\/revisions\/159"}],"wp:attachment":[{"href":"http:\/\/fotografusnok.hu\/en_US\/wp-json\/wp\/v2\/media?parent=9"}],"curies":[{"name":"wp","href":"https:\/\/api.w.org\/{rel}","templated":true}]}}